{"id":85,"date":"2020-06-09T08:45:40","date_gmt":"2020-06-09T08:45:40","guid":{"rendered":"http:\/\/giliyoga-mg.de\/?page_id=85"},"modified":"2022-03-13T14:27:25","modified_gmt":"2022-03-13T14:27:25","slug":"ueber-mich","status":"publish","type":"page","link":"https:\/\/giliyoga-mg.de\/?page_id=85","title":{"rendered":"\u00dcber mich"},"content":{"rendered":"\n<p>Basierend auf langj\u00e4hriger Erfahrung als Trainerin und\nPersonal Trainerin im Bereich Aerobic, Fitness, Spinning, Hot Iron und Aqua\nFitness im Gesundheits- und Leistungssport unterrichte ich einen intensiven\nYogastil, in dem, eingerahmt von Meditations- und Atem\u00fcbungen, dynamische und\nstatische Elemente variieren.<\/p>\n\n\n\n<p>Ich bin \u00fcberzeugt davon, dass Yoga auf allen Ebenen wirken\nkann. Durch die Verbindung von K\u00f6rper, Geist und Seele im Yoga kann jeder\nMensch ein signifikantes Mehr an Achtsamkeit, Gelassenheit und Kraft gewinnen.<\/p>\n\n\n\n<p>Besonders wichtig ist mir, meinen Unterricht dem westlichen Leben anzupassen, ohne die Tradition des Yogas au\u00dfer Acht zu lassen. Bei aller Konzentration und Ruhe in meinen Stunden; es darf auch gelacht werden.<\/p>\n\n\n\n<figure class=\"wp-block-image size-full is-resized\"><img loading=\"lazy\" decoding=\"async\" src=\"https:\/\/giliyoga-mg.de\/wp-content\/uploads\/2022\/03\/IMG_1036-kl.jpg\" alt=\"\" class=\"wp-image-135\" width=\"641\" height=\"641\" srcset=\"https:\/\/giliyoga-mg.de\/wp-content\/uploads\/2022\/03\/IMG_1036-kl.jpg 600w, https:\/\/giliyoga-mg.de\/wp-content\/uploads\/2022\/03\/IMG_1036-kl-300x300.jpg 300w, https:\/\/giliyoga-mg.de\/wp-content\/uploads\/2022\/03\/IMG_1036-kl-150x150.jpg 150w, https:\/\/giliyoga-mg.de\/wp-content\/uploads\/2022\/03\/IMG_1036-kl-100x100.jpg 100w\" sizes=\"auto, (max-width: 641px) 100vw, 641px\" \/><\/figure>\n\n\n\n<p>Ich bin ausgebildete Yogalehrerin gem\u00e4\u00df BYY, au\u00dferdem\nlizensierte Trainerin in den Bereichen Fitness, Aerobic, Hot Iron, Spinning und\nAqua Fitness sowie staatlich gepr\u00fcfte medizinische, technische Assistentin.\nMein umfangreiches Wissen aus den verschiedenen Bereichen, macht es mir m\u00f6glich,\nmit detaillierter anatomischer Anleitung zu unterrichten.<\/p>\n","protected":false},"excerpt":{"rendered":"<p>Basierend auf langj\u00e4hriger Erfahrung als Trainerin und Personal Trainerin im Bereich Aerobic, Fitness, Spinning, Hot Iron und Aqua Fitness im Gesundheits- und Leistungssport unterrichte ich einen intensiven Yogastil, in dem, eingerahmt von Meditations- und Atem\u00fcbungen, dynamische und statische Elemente variieren. Ich bin \u00fcberzeugt davon, dass Yoga auf allen Ebenen wirken kann. Durch die Verbindung von &hellip; <\/p>\n<p class=\"link-more\"><a href=\"https:\/\/giliyoga-mg.de\/?page_id=85\" class=\"more-link\"><span class=\"screen-reader-text\">\u201e\u00dcber mich\u201c <\/span>weiterlesen<\/a><\/p>\n","protected":false},"author":1,"featured_media":0,"parent":0,"menu_order":0,"comment_status":"closed","ping_status":"closed","template":"","meta":{"footnotes":""},"class_list":["post-85","page","type-page","status-publish","hentry"],"_links":{"self":[{"href":"https:\/\/giliyoga-mg.de\/index.php?rest_route=\/wp\/v2\/pages\/85","targetHints":{"allow":["GET"]}}],"collection":[{"href":"https:\/\/giliyoga-mg.de\/index.php?rest_route=\/wp\/v2\/pages"}],"about":[{"href":"https:\/\/giliyoga-mg.de\/index.php?rest_route=\/wp\/v2\/types\/page"}],"author":[{"embeddable":true,"href":"https:\/\/giliyoga-mg.de\/index.php?rest_route=\/wp\/v2\/users\/1"}],"replies":[{"embeddable":true,"href":"https:\/\/giliyoga-mg.de\/index.php?rest_route=%2Fwp%2Fv2%2Fcomments&post=85"}],"version-history":[{"count":5,"href":"https:\/\/giliyoga-mg.de\/index.php?rest_route=\/wp\/v2\/pages\/85\/revisions"}],"predecessor-version":[{"id":137,"href":"https:\/\/giliyoga-mg.de\/index.php?rest_route=\/wp\/v2\/pages\/85\/revisions\/137"}],"wp:attachment":[{"href":"https:\/\/giliyoga-mg.de\/index.php?rest_route=%2Fwp%2Fv2%2Fmedia&parent=85"}],"curies":[{"name":"wp","href":"https:\/\/api.w.org\/{rel}","templated":true}]}}