{"id":39,"date":"2020-06-08T14:22:29","date_gmt":"2020-06-08T14:22:29","guid":{"rendered":"http:\/\/giliyoga-mg.de\/?page_id=39"},"modified":"2025-07-20T18:58:57","modified_gmt":"2025-07-20T18:58:57","slug":"kontakt","status":"publish","type":"page","link":"https:\/\/giliyoga-mg.de\/?page_id=39","title":{"rendered":"Kontakt"},"content":{"rendered":"\n<figure class=\"wp-block-image\"><a href=\"mailto:conny@giliyoga-mg.de\"><img loading=\"lazy\" decoding=\"async\" width=\"200\" height=\"24\" src=\"https:\/\/giliyoga-mg.de\/wp-content\/uploads\/2020\/06\/mail2.jpg\" alt=\"\" class=\"wp-image-69\"\/><\/a><\/figure>\n\n\n\n<p>Fon: 0178-8231716<br><br>Kursraum:<br>Gili Yoga<br>Wallstra\u00dfe 8<br>41061 M\u00f6nchengladbach<br><br>B\u00fcroadresse:<br>Gili Yoga<br>Hermannstra\u00dfe 7<br>41061 M\u00f6nchengladbach<\/p>\n","protected":false},"excerpt":{"rendered":"<p>Fon: 0178-8231716 Kursraum:Gili YogaWallstra\u00dfe 841061 M\u00f6nchengladbach B\u00fcroadresse:Gili YogaHermannstra\u00dfe 741061 M\u00f6nchengladbach<\/p>\n","protected":false},"author":1,"featured_media":0,"parent":0,"menu_order":0,"comment_status":"closed","ping_status":"closed","template":"","meta":{"footnotes":""},"class_list":["post-39","page","type-page","status-publish","hentry"],"_links":{"self":[{"href":"https:\/\/giliyoga-mg.de\/index.php?rest_route=\/wp\/v2\/pages\/39","targetHints":{"allow":["GET"]}}],"collection":[{"href":"https:\/\/giliyoga-mg.de\/index.php?rest_route=\/wp\/v2\/pages"}],"about":[{"href":"https:\/\/giliyoga-mg.de\/index.php?rest_route=\/wp\/v2\/types\/page"}],"author":[{"embeddable":true,"href":"https:\/\/giliyoga-mg.de\/index.php?rest_route=\/wp\/v2\/users\/1"}],"replies":[{"embeddable":true,"href":"https:\/\/giliyoga-mg.de\/index.php?rest_route=%2Fwp%2Fv2%2Fcomments&post=39"}],"version-history":[{"count":10,"href":"https:\/\/giliyoga-mg.de\/index.php?rest_route=\/wp\/v2\/pages\/39\/revisions"}],"predecessor-version":[{"id":172,"href":"https:\/\/giliyoga-mg.de\/index.php?rest_route=\/wp\/v2\/pages\/39\/revisions\/172"}],"wp:attachment":[{"href":"https:\/\/giliyoga-mg.de\/index.php?rest_route=%2Fwp%2Fv2%2Fmedia&parent=39"}],"curies":[{"name":"wp","href":"https:\/\/api.w.org\/{rel}","templated":true}]}}